{"id":54,"date":"2023-09-19T04:40:43","date_gmt":"2023-09-19T04:40:43","guid":{"rendered":"https:\/\/demoapus1.com\/boxcar\/?page_id=54"},"modified":"2025-06-04T07:16:04","modified_gmt":"2025-06-04T07:16:04","slug":"services","status":"publish","type":"page","link":"https:\/\/zenit-rent.hu\/hu\/services\/","title":{"rendered":"Szolg\u00e1ltat\u00e1sok"},"content":{"rendered":"<div data-elementor-type=\"wp-page\" data-elementor-id=\"54\" class=\"elementor elementor-54\">\n\t\t\t\t<div class=\"elementor-element elementor-element-2469e39 e-flex e-con-boxed elementor-invisible e-con e-parent\" data-id=\"2469e39\" data-element_type=\"container\" data-settings=\"{&quot;animation&quot;:&quot;slide-up&quot;}\">\n\t\t\t\t\t<div class=\"e-con-inner\">\n\t\t<div class=\"elementor-element elementor-element-154460a e-con-full e-flex e-con e-child\" data-id=\"154460a\" data-element_type=\"container\">\n\t\t\t\t<div class=\"elementor-element elementor-element-80a17b3 elementor-widget elementor-widget-heading\" data-id=\"80a17b3\" data-element_type=\"widget\" data-widget_type=\"heading.default\">\n\t\t\t\t<div class=\"elementor-widget-container\">\n\t\t\t\t\t<h2 class=\"elementor-heading-title elementor-size-default\">A BoxCar \u00e1ltal k\u00edn\u00e1lt szolg\u00e1ltat\u00e1si lehet\u0151s\u00e9gek<\/h2>\t\t\t\t<\/div>\n\t\t\t\t<\/div>\n\t\t\t\t<div class=\"elementor-element elementor-element-5178804 elementor-widget elementor-widget-text-editor\" data-id=\"5178804\" data-element_type=\"widget\" data-widget_type=\"text-editor.default\">\n\t\t\t\t<div class=\"elementor-widget-container\">\n\t\t\t\t\t\t\t\t\tV\u00e1lasszon t\u00f6bb ezer j\u00e1rm\u0171 k\u00f6z\u00fcl sz\u00e1mos m\u00e1rk\u00e1t\u00f3l, \u00e9s v\u00e1s\u00e1roljon online a Click &amp; Drive seg\u00edts\u00e9g\u00e9vel, vagy l\u00e1togasson el hozz\u00e1nk m\u00e9g ma valamelyik m\u00e1rkakeresked\u00e9s\u00fcnkbe.\t\t\t\t\t\t\t\t<\/div>\n\t\t\t\t<\/div>\n\t\t\t\t<div class=\"elementor-element elementor-element-ed48ce0 elementor-widget elementor-widget-button\" data-id=\"ed48ce0\" data-element_type=\"widget\" data-widget_type=\"button.default\">\n\t\t\t\t<div class=\"elementor-widget-container\">\n\t\t\t\t\t\t\t\t\t<div class=\"elementor-button-wrapper\">\n\t\t\t\t\t<a class=\"elementor-button elementor-button-link elementor-size-sm\" href=\"#\">\n\t\t\t\t\t\t<span class=\"elementor-button-content-wrapper\">\n\t\t\t\t\t\t<span class=\"elementor-button-icon\">\n\t\t\t\t<svg xmlns=\"http:\/\/www.w3.org\/2000\/svg\" width=\"14\" height=\"14\" viewbox=\"0 0 14 14\" fill=\"none\"><path d=\"M13.6109 0H5.05533C4.84037 0 4.66643 0.173943 4.66643 0.388901C4.66643 0.603859 4.84037 0.777802 5.05533 0.777802H12.6721L0.113697 13.3362C-0.0382246 13.4881 -0.0382246 13.7342 0.113697 13.8861C0.18964 13.962 0.289171 14 0.388666 14C0.488161 14 0.587656 13.962 0.663635 13.8861L13.222 1.3277V8.94447C13.222 9.15943 13.3959 9.33337 13.6109 9.33337C13.8259 9.33337 13.9998 9.15943 13.9998 8.94447V0.388901C13.9998 0.173943 13.8258 0 13.6109 0Z\" fill=\"currentColor\"><\/path><\/svg>\t\t\t<\/span>\n\t\t\t\t\t\t\t\t\t<span class=\"elementor-button-text\">Tekintse meg szolg\u00e1ltat\u00e1si lehet\u0151s\u00e9geit<\/span>\n\t\t\t\t\t<\/span>\n\t\t\t\t\t<\/a>\n\t\t\t\t<\/div>\n\t\t\t\t\t\t\t\t<\/div>\n\t\t\t\t<\/div>\n\t\t\t\t<\/div>\n\t\t<div class=\"elementor-element elementor-element-0056cd6 e-con-full e-flex e-con e-child\" data-id=\"0056cd6\" data-element_type=\"container\">\n\t\t\t\t<div class=\"elementor-element elementor-element-7ee449f elementor-widget elementor-widget-image\" data-id=\"7ee449f\" data-element_type=\"widget\" data-widget_type=\"image.default\">\n\t\t\t\t<div class=\"elementor-widget-container\">\n\t\t\t\t\t\t\t\t\t\t\t\t\t\t\t<img fetchpriority=\"high\" decoding=\"async\" width=\"686\" height=\"600\" src=\"https:\/\/zenit-rent.hu\/wp-content\/uploads\/2023\/10\/service1.jpg\" class=\"attachment-full size-full wp-image-2214\" alt=\"\" srcset=\"https:\/\/zenit-rent.hu\/wp-content\/uploads\/2023\/10\/service1.jpg 686w, https:\/\/zenit-rent.hu\/wp-content\/uploads\/2023\/10\/service1-300x262.jpg 300w, https:\/\/zenit-rent.hu\/wp-content\/uploads\/2023\/10\/service1-600x525.jpg 600w\" sizes=\"(max-width: 686px) 100vw, 686px\" \/>\t\t\t\t\t\t\t\t\t\t\t\t\t\t\t<\/div>\n\t\t\t\t<\/div>\n\t\t\t\t<\/div>\n\t\t\t\t\t<\/div>\n\t\t\t\t<\/div>\n\t\t<div class=\"elementor-element elementor-element-37ec78e e-flex e-con-boxed e-con e-parent\" data-id=\"37ec78e\" data-element_type=\"container\">\n\t\t\t\t\t<div class=\"e-con-inner\">\n\t\t<div class=\"elementor-element elementor-element-dd0c668 e-flex e-con-boxed elementor-invisible e-con e-child\" data-id=\"dd0c668\" data-element_type=\"container\" data-settings=\"{&quot;background_background&quot;:&quot;classic&quot;,&quot;animation&quot;:&quot;slide-up&quot;}\">\n\t\t\t\t\t<div class=\"e-con-inner\">\n\t\t<div class=\"elementor-element elementor-element-75da5ee e-con-full e-flex e-con e-child\" data-id=\"75da5ee\" data-element_type=\"container\">\n\t\t<div class=\"elementor-element elementor-element-58ff3ce e-con-full e-flex e-con e-child\" data-id=\"58ff3ce\" data-element_type=\"container\">\n\t\t\t\t<div class=\"elementor-element elementor-element-ac8b619 elementor-widget elementor-widget-heading\" data-id=\"ac8b619\" data-element_type=\"widget\" data-widget_type=\"heading.default\">\n\t\t\t\t<div class=\"elementor-widget-container\">\n\t\t\t\t\t<h2 class=\"elementor-heading-title elementor-size-default\">Az \u00fcgyfelek nagyszer\u0171 el\u0151ny\u00f6kh\u00f6z jutnak!<\/h2>\t\t\t\t<\/div>\n\t\t\t\t<\/div>\n\t\t\t\t<\/div>\n\t\t\t\t<\/div>\n\t\t<div class=\"elementor-element elementor-element-e268977 e-con-full e-flex e-con e-child\" data-id=\"e268977\" data-element_type=\"container\">\n\t\t<div class=\"elementor-element elementor-element-4c13663 e-con-full e-flex e-con e-child\" data-id=\"4c13663\" data-element_type=\"container\">\n\t\t\t\t<div class=\"elementor-element elementor-element-9e34b79 elementor-widget elementor-widget-apus_element_features_box\" data-id=\"9e34b79\" data-element_type=\"widget\" data-settings=\"{&quot;columns&quot;:4}\" data-widget_type=\"apus_element_features_box.default\">\n\t\t\t\t<div class=\"elementor-widget-container\">\n\t\t\t\t\t            <div class=\"widget-features-box\">\n                  \n                    <div class=\"row\">\n                                                    <div class=\"item col-xl-3 col-md-6 col-12\">\n                                <div class=\"item-features-inner l-grid style1\">\n                                     <div class=\"top-inner\">\n                                                                                <div class=\"features-box-image img\"><img decoding=\"async\" width=\"60\" height=\"60\" src=\"https:\/\/zenit-rent.hu\/wp-content\/uploads\/2023\/10\/f1.svg\" class=\"attachment-full size-full wp-image-1881\" alt=\"\" \/><\/div><\/div><div class=\"features-box-content\"><h3 class=\"title\">Speci\u00e1lis finansz\u00edroz\u00e1si aj\u00e1nlatok<\/h3><div class=\"description\">Stresszmentes p\u00e9nz\u00fcgyi oszt\u00e1lyunk p\u00e9nz\u00fcgyi megold\u00e1sokat tal\u00e1l \u00d6nnek, hogy p\u00e9nzt takar\u00edtson meg.<\/div><\/div>\n                                <\/div>\n                            <\/div>\n                                                    <div class=\"item col-xl-3 col-md-6 col-12\">\n                                <div class=\"item-features-inner l-grid style1\">\n                                     <div class=\"top-inner\">\n                                                                                <div class=\"features-box-image img\"><img decoding=\"async\" width=\"60\" height=\"60\" src=\"https:\/\/zenit-rent.hu\/wp-content\/uploads\/2023\/09\/f2.svg\" class=\"attachment-full size-full wp-image-179\" alt=\"\" \/><\/div><\/div><div class=\"features-box-content\"><h3 class=\"title\">Megb\u00edzhat\u00f3 aut\u00f3keresked\u00e9s<\/h3><div class=\"description\">Stresszmentes p\u00e9nz\u00fcgyi oszt\u00e1lyunk p\u00e9nz\u00fcgyi megold\u00e1sokat tal\u00e1l \u00d6nnek, hogy p\u00e9nzt takar\u00edtson meg.<\/div><\/div>\n                                <\/div>\n                            <\/div>\n                                                    <div class=\"item col-xl-3 col-md-6 col-12\">\n                                <div class=\"item-features-inner l-grid style1\">\n                                     <div class=\"top-inner\">\n                                                                                <div class=\"features-box-image img\"><img loading=\"lazy\" decoding=\"async\" width=\"60\" height=\"60\" src=\"https:\/\/zenit-rent.hu\/wp-content\/uploads\/2023\/09\/f3.svg\" class=\"attachment-full size-full wp-image-180\" alt=\"\" \/><\/div><\/div><div class=\"features-box-content\"><h3 class=\"title\">\u00c1tl\u00e1that\u00f3 \u00e1rk\u00e9pz\u00e9s<\/h3><div class=\"description\">Stresszmentes p\u00e9nz\u00fcgyi oszt\u00e1lyunk p\u00e9nz\u00fcgyi megold\u00e1sokat tal\u00e1l \u00d6nnek, hogy p\u00e9nzt takar\u00edtson meg.<\/div><\/div>\n                                <\/div>\n                            <\/div>\n                                                    <div class=\"item col-xl-3 col-md-6 col-12\">\n                                <div class=\"item-features-inner l-grid style1\">\n                                     <div class=\"top-inner\">\n                                                                                <div class=\"features-box-image img\"><img loading=\"lazy\" decoding=\"async\" width=\"60\" height=\"60\" src=\"https:\/\/zenit-rent.hu\/wp-content\/uploads\/2023\/09\/f4.svg\" class=\"attachment-full size-full wp-image-181\" alt=\"\" \/><\/div><\/div><div class=\"features-box-content\"><h3 class=\"title\">Szak\u00e9rt\u0151 aut\u00f3szerviz<\/h3><div class=\"description\">Stresszmentes p\u00e9nz\u00fcgyi oszt\u00e1lyunk p\u00e9nz\u00fcgyi megold\u00e1sokat tal\u00e1l \u00d6nnek, hogy p\u00e9nzt takar\u00edtson meg.<\/div><\/div>\n                                <\/div>\n                            <\/div>\n                                            <\/div>\n                            <\/div>\n            \t\t\t\t<\/div>\n\t\t\t\t<\/div>\n\t\t\t\t<\/div>\n\t\t\t\t<\/div>\n\t\t\t\t\t<\/div>\n\t\t\t\t<\/div>\n\t\t\t\t\t<\/div>\n\t\t\t\t<\/div>\n\t\t\t\t<\/div>","protected":false},"excerpt":{"rendered":"<p>Service Options Offered by BoxCar Choose from thousands of vehicles from multiple brands and buy online with Click &#038; Drive, or visit us at one of our dealerships today. See Your Service Options Customers Get Great benefits! Special Financing Offers Our stress-free finance department that can find financial solutions to save you money. Trusted Car [&hellip;]<\/p>","protected":false},"author":1,"featured_media":0,"parent":0,"menu_order":0,"comment_status":"closed","ping_status":"closed","template":"","meta":{"footnotes":""},"class_list":["post-54","page","type-page","status-publish","hentry"],"_links":{"self":[{"href":"https:\/\/zenit-rent.hu\/hu\/wp-json\/wp\/v2\/pages\/54","targetHints":{"allow":["GET"]}}],"collection":[{"href":"https:\/\/zenit-rent.hu\/hu\/wp-json\/wp\/v2\/pages"}],"about":[{"href":"https:\/\/zenit-rent.hu\/hu\/wp-json\/wp\/v2\/types\/page"}],"author":[{"embeddable":true,"href":"https:\/\/zenit-rent.hu\/hu\/wp-json\/wp\/v2\/users\/1"}],"replies":[{"embeddable":true,"href":"https:\/\/zenit-rent.hu\/hu\/wp-json\/wp\/v2\/comments?post=54"}],"version-history":[{"count":4,"href":"https:\/\/zenit-rent.hu\/hu\/wp-json\/wp\/v2\/pages\/54\/revisions"}],"predecessor-version":[{"id":6728,"href":"https:\/\/zenit-rent.hu\/hu\/wp-json\/wp\/v2\/pages\/54\/revisions\/6728"}],"wp:attachment":[{"href":"https:\/\/zenit-rent.hu\/hu\/wp-json\/wp\/v2\/media?parent=54"}],"curies":[{"name":"wp","href":"https:\/\/api.w.org\/{rel}","templated":true}]}}